{"id":1404,"date":"2025-07-24T10:32:33","date_gmt":"2025-07-24T08:32:33","guid":{"rendered":"https:\/\/compagniepoly.fr\/?page_id=1404"},"modified":"2025-11-18T10:52:25","modified_gmt":"2025-11-18T09:52:25","slug":"mentions-legales","status":"publish","type":"page","link":"https:\/\/compagniepoly.fr\/index.php\/mentions-legales\/","title":{"rendered":"Mentions l\u00e9gales"},"content":{"rendered":"\t\t<div data-elementor-type=\"wp-page\" data-elementor-id=\"1404\" class=\"elementor elementor-1404\">\n\t\t\t\t\t\t<section class=\"elementor-section elementor-top-section elementor-element elementor-element-d8949a2 elementor-section-boxed elementor-section-height-default elementor-section-height-default wpr-particle-no wpr-jarallax-no wpr-parallax-no wpr-sticky-section-no wpr-equal-height-no\" data-id=\"d8949a2\" data-element_type=\"section\" data-e-type=\"section\">\n\t\t\t\t\t\t<div class=\"elementor-container elementor-column-gap-default\">\n\t\t\t\t\t<div class=\"elementor-column elementor-col-100 elementor-top-column elementor-element elementor-element-2213f95\" data-id=\"2213f95\" data-element_type=\"column\" data-e-type=\"column\">\n\t\t\t<div class=\"elementor-widget-wrap elementor-element-populated\">\n\t\t\t\t\t\t<div class=\"elementor-element elementor-element-b902d3b elementor-widget elementor-widget-heading\" data-id=\"b902d3b\" data-element_type=\"widget\" data-e-type=\"widget\" data-widget_type=\"heading.default\">\n\t\t\t\t<div class=\"elementor-widget-container\">\n\t\t\t\t\t<p class=\"elementor-heading-title elementor-size-small\"><i>En vigueur au 20 Juillet 2023<\/i><\/p>\t\t\t\t<\/div>\n\t\t\t\t<\/div>\n\t\t\t\t<div class=\"elementor-element elementor-element-26a4a33 elementor-widget elementor-widget-text-editor\" data-id=\"26a4a33\" data-element_type=\"widget\" data-e-type=\"widget\" data-widget_type=\"text-editor.default\">\n\t\t\t\t<div class=\"elementor-widget-container\">\n\t\t\t\t\t\t\t\t\t<p>Conform\u00e9ment aux dispositions des Articles 6-III et 19 de la Loi n\u00b02004-575 du 21 juin 2004 pour la Confiance dans l&rsquo;\u00e9conomie num\u00e9rique, dite L.C.E.N, il est port\u00e9 \u00e0 la connaissance des utilisateurs et visiteurs, ci-apr\u00e8s \u00ab\u00a0<strong>l&rsquo;utilisateurs<\/strong>\u00ab\u00a0, du site https:\/\/compagniepoly.fr\/, ci-apr\u00e8s le \u00ab\u00a0<strong>Site<\/strong>\u00ab\u00a0, les pr\u00e9sentes mentions l\u00e9gales.<\/p>\n<p><\/p>\n<p>La connexion et la navigation sur le Site par l&rsquo;Utilisateur implique acceptation int\u00e9grale et sans r\u00e9serve des pr\u00e9sentes mentions l\u00e9gales.&nbsp;<span style=\"color: var( --e-global-color-text );\">Ces derni\u00e8res sont accessibles sur le Site \u00e0 la rubrique \u00ab\u00a0<\/span><strong style=\"color: var( --e-global-color-text );\">Mentions l\u00e9gales<\/strong><span style=\"color: var( --e-global-color-text );\">\u00ab\u00a0<\/span><\/p>\n<p><\/p>\n<h3><strong>ARTICLE 1 &#8211; L&rsquo;EDITEUR<\/strong><\/h3>\n<p>L&rsquo;\u00e9dition de la direction de la publication du site est assur\u00e9e par Thibault Sautier<span style=\"color: var( --e-global-color-text );\">, domicili\u00e9e &#8230;, dont le num\u00e9ro de t\u00e9l\u00e9phone est le suivant &#8230; et l&rsquo;adresse e-mail &#8230;.<\/span><\/p>\n<p><\/p>\n<p>Ci apr\u00e8s \u00ab\u00a0<strong>l&rsquo;\u00e9diteur<\/strong>\u00ab\u00a0<\/p>\n<p><\/p>\n<h3><strong>ARTICLE 2 &#8211; L&rsquo;HEBERGEUR<\/strong><\/h3>\n<p><\/p>\n<p>L&rsquo;h\u00e9bergeur du site est la soci\u00e9t\u00e9 hostinger, dont le si\u00e8ge social est situ\u00e9 rue Jonavos 60C, Kaunas 44192 Lituanie<font color=\"#2f1c6a\" face=\"Muli, sans-serif\"><span style=\"font-size: 15px; background-color: rgb(255, 255, 255);\"><b>&nbsp;<\/b><\/span><\/font><span style=\"color: var( --e-global-color-text );\">avec le num\u00e9ro de t\u00e9l\u00e9phone : 07064503378<\/span><span style=\"color: var( --e-global-color-text );\">&nbsp;et l&rsquo;adresse e-mail domains@hostinger.com<\/span><\/p>\n<p><\/p>\n<h3><strong>ARTICLE 3 &#8211; ACCES AU SITE<\/strong><\/h3>\n<p>Le site est accessible en tout endroit, 7j\/7, 24h\/24 sauf cas de force majeure, interruption programm\u00e9e ou non et pouvant d\u00e9couler d&rsquo;une n\u00e9cessit\u00e9 de maintenance. En cas de modification, interruption ou suspension de site, l&rsquo;\u00e9diteur ne saurait \u00eatre tenu responsable.&nbsp;<\/p>\n<p><\/p>\n<h3><strong>ARTICLE 4 &#8211; COLLECTE DES DONNEES&nbsp;<\/strong><\/h3>\n<p>Le site assure \u00e0 l&rsquo;utilisateur une collecte et un traitement d&rsquo;informations personnelles dans le respect de la vie priv\u00e9e conform\u00e9ment \u00e0 la loi n\u00b078-17 du 6 janvier 1978 relative \u00e0 l&rsquo;informatique, aux fichiers et aux libert\u00e9s.&nbsp;<\/p>\n<p><\/p>\n<p>En vertu de la loi informatique et libert\u00e9s, en date du 6 janvier 1978 relative, l&rsquo;utilisateur dispose d&rsquo;un droit d&rsquo;acc\u00e8s de rectification, de suppression et d&rsquo;opposition de ses donn\u00e9es personnelles. L&rsquo;utilisateur exerce ce droit :<\/p>\n<p>Toute utilisation, reproduction, diffusion, commercialisation, modification de toute ou partie du Site, sans autorisation de l&rsquo;Editeur est prohib\u00e9e et pourra entra\u00een\u00e9e des actions et poursuites judiciaires telles que notamment pr\u00e9vues par le Code de la propri\u00e9t\u00e9 intellectuelle et le Code civil.&nbsp;<\/p>\t\t\t\t\t\t\t\t<\/div>\n\t\t\t\t<\/div>\n\t\t\t\t\t<\/div>\n\t\t<\/div>\n\t\t\t\t\t<\/div>\n\t\t<\/section>\n\t\t\t\t<\/div>\n\t\t","protected":false},"excerpt":{"rendered":"<p>En vigueur au 20 Juillet 2023 Conform\u00e9ment aux dispositions des<\/p>\n","protected":false},"author":2,"featured_media":0,"parent":0,"menu_order":0,"comment_status":"closed","ping_status":"closed","template":"","meta":{"footnotes":""},"class_list":["post-1404","page","type-page","status-publish","hentry"],"_links":{"self":[{"href":"https:\/\/compagniepoly.fr\/index.php\/wp-json\/wp\/v2\/pages\/1404","targetHints":{"allow":["GET"]}}],"collection":[{"href":"https:\/\/compagniepoly.fr\/index.php\/wp-json\/wp\/v2\/pages"}],"about":[{"href":"https:\/\/compagniepoly.fr\/index.php\/wp-json\/wp\/v2\/types\/page"}],"author":[{"embeddable":true,"href":"https:\/\/compagniepoly.fr\/index.php\/wp-json\/wp\/v2\/users\/2"}],"replies":[{"embeddable":true,"href":"https:\/\/compagniepoly.fr\/index.php\/wp-json\/wp\/v2\/comments?post=1404"}],"version-history":[{"count":16,"href":"https:\/\/compagniepoly.fr\/index.php\/wp-json\/wp\/v2\/pages\/1404\/revisions"}],"predecessor-version":[{"id":1422,"href":"https:\/\/compagniepoly.fr\/index.php\/wp-json\/wp\/v2\/pages\/1404\/revisions\/1422"}],"wp:attachment":[{"href":"https:\/\/compagniepoly.fr\/index.php\/wp-json\/wp\/v2\/media?parent=1404"}],"curies":[{"name":"wp","href":"https:\/\/api.w.org\/{rel}","templated":true}]}}