{"id":1623,"date":"2025-07-17T08:50:14","date_gmt":"2025-07-17T06:50:14","guid":{"rendered":"https:\/\/compagniepoly.fr\/?page_id=1623"},"modified":"2025-11-18T10:50:13","modified_gmt":"2025-11-18T09:50:13","slug":"cocktails-flair","status":"publish","type":"page","link":"https:\/\/compagniepoly.fr\/index.php\/cocktails-flair\/","title":{"rendered":"Bartending"},"content":{"rendered":"\t\t<div data-elementor-type=\"wp-page\" data-elementor-id=\"1623\" class=\"elementor elementor-1623\">\n\t\t\t\t\t\t<section class=\"elementor-section elementor-top-section elementor-element elementor-element-e9c1193 elementor-section-boxed elementor-section-height-default elementor-section-height-default wpr-particle-no wpr-jarallax-no wpr-parallax-no wpr-sticky-section-no\" data-id=\"e9c1193\" data-element_type=\"section\" data-e-type=\"section\">\n\t\t\t\t\t\t<div class=\"elementor-container elementor-column-gap-default\">\n\t\t\t\t\t<div class=\"elementor-column elementor-col-100 elementor-top-column elementor-element elementor-element-810ec23\" data-id=\"810ec23\" data-element_type=\"column\" data-e-type=\"column\">\n\t\t\t<div class=\"elementor-widget-wrap elementor-element-populated\">\n\t\t\t\t\t\t<div class=\"elementor-element elementor-element-b6d8659 elementor-widget__width-initial elementor-widget-mobile__width-initial elementor-widget elementor-widget-heading\" data-id=\"b6d8659\" data-element_type=\"widget\" data-e-type=\"widget\" data-widget_type=\"heading.default\">\n\t\t\t\t<div class=\"elementor-widget-container\">\n\t\t\t\t\t<h2 class=\"elementor-heading-title elementor-size-default\">~ Bartending<\/h2>\t\t\t\t<\/div>\n\t\t\t\t<\/div>\n\t\t\t\t<div class=\"elementor-element elementor-element-0f1b639 elementor-widget__width-initial elementor-widget-divider--view-line elementor-widget elementor-widget-divider\" data-id=\"0f1b639\" data-element_type=\"widget\" data-e-type=\"widget\" data-widget_type=\"divider.default\">\n\t\t\t\t<div class=\"elementor-widget-container\">\n\t\t\t\t\t\t\t<div class=\"elementor-divider\">\n\t\t\t<span class=\"elementor-divider-separator\">\n\t\t\t\t\t\t<\/span>\n\t\t<\/div>\n\t\t\t\t\t\t<\/div>\n\t\t\t\t<\/div>\n\t\t\t\t\t<\/div>\n\t\t<\/div>\n\t\t\t\t\t<\/div>\n\t\t<\/section>\n\t\t\t\t<section class=\"elementor-section elementor-top-section elementor-element elementor-element-53031c8 elementor-section-boxed elementor-section-height-default elementor-section-height-default wpr-particle-no wpr-jarallax-no wpr-parallax-no wpr-sticky-section-no\" data-id=\"53031c8\" data-element_type=\"section\" data-e-type=\"section\">\n\t\t\t\t\t\t<div class=\"elementor-container elementor-column-gap-default\">\n\t\t\t\t\t<div class=\"elementor-column elementor-col-50 elementor-top-column elementor-element elementor-element-7c56aab\" data-id=\"7c56aab\" data-element_type=\"column\" data-e-type=\"column\">\n\t\t\t<div class=\"elementor-widget-wrap elementor-element-populated\">\n\t\t\t\t\t\t<div class=\"elementor-element elementor-element-9b9f395 elementor-widget elementor-widget-image\" data-id=\"9b9f395\" data-element_type=\"widget\" data-e-type=\"widget\" data-widget_type=\"image.default\">\n\t\t\t\t<div class=\"elementor-widget-container\">\n\t\t\t\t\t\t\t\t\t\t\t\t\t\t\t<img fetchpriority=\"high\" decoding=\"async\" width=\"1024\" height=\"640\" src=\"https:\/\/compagniepoly.fr\/wp-content\/uploads\/2024\/07\/wp1887465-1024x640.jpg\" class=\"attachment-large size-large wp-image-1625\" alt=\"\" srcset=\"https:\/\/compagniepoly.fr\/wp-content\/uploads\/2024\/07\/wp1887465-1024x640.jpg 1024w, https:\/\/compagniepoly.fr\/wp-content\/uploads\/2024\/07\/wp1887465-300x188.jpg 300w, https:\/\/compagniepoly.fr\/wp-content\/uploads\/2024\/07\/wp1887465-768x480.jpg 768w, https:\/\/compagniepoly.fr\/wp-content\/uploads\/2024\/07\/wp1887465-1536x960.jpg 1536w, https:\/\/compagniepoly.fr\/wp-content\/uploads\/2024\/07\/wp1887465.jpg 1920w\" sizes=\"(max-width: 1024px) 100vw, 1024px\" \/>\t\t\t\t\t\t\t\t\t\t\t\t\t\t\t<\/div>\n\t\t\t\t<\/div>\n\t\t\t\t\t<\/div>\n\t\t<\/div>\n\t\t\t\t<div class=\"elementor-column elementor-col-50 elementor-top-column elementor-element elementor-element-1986e65\" data-id=\"1986e65\" data-element_type=\"column\" data-e-type=\"column\">\n\t\t\t<div class=\"elementor-widget-wrap elementor-element-populated\">\n\t\t\t\t\t\t<section class=\"elementor-section elementor-inner-section elementor-element elementor-element-e4fcf56 elementor-section-boxed elementor-section-height-default elementor-section-height-default wpr-particle-no wpr-jarallax-no wpr-parallax-no wpr-sticky-section-no\" data-id=\"e4fcf56\" data-element_type=\"section\" data-e-type=\"section\">\n\t\t\t\t\t\t<div class=\"elementor-container elementor-column-gap-default\">\n\t\t\t\t\t<div class=\"elementor-column elementor-col-50 elementor-inner-column elementor-element elementor-element-c24d266\" data-id=\"c24d266\" data-element_type=\"column\" data-e-type=\"column\">\n\t\t\t<div class=\"elementor-widget-wrap elementor-element-populated\">\n\t\t\t\t\t\t<div class=\"elementor-element elementor-element-877cb12 elementor-widget elementor-widget-text-editor\" data-id=\"877cb12\" data-element_type=\"widget\" data-e-type=\"widget\" data-widget_type=\"text-editor.default\">\n\t\t\t\t<div class=\"elementor-widget-container\">\n\t\t\t\t\t\t\t\t\t<p>Nom de l&rsquo;animation :<\/p>\t\t\t\t\t\t\t\t<\/div>\n\t\t\t\t<\/div>\n\t\t\t\t<div class=\"elementor-element elementor-element-1460a45 elementor-widget elementor-widget-text-editor\" data-id=\"1460a45\" data-element_type=\"widget\" data-e-type=\"widget\" data-widget_type=\"text-editor.default\">\n\t\t\t\t<div class=\"elementor-widget-container\">\n\t\t\t\t\t\t\t\t\t<p>Bar \u00ab\u00a0AKUDA\u00a0\u00bb<\/p>\t\t\t\t\t\t\t\t<\/div>\n\t\t\t\t<\/div>\n\t\t\t\t\t<\/div>\n\t\t<\/div>\n\t\t\t\t<div class=\"elementor-column elementor-col-50 elementor-inner-column elementor-element elementor-element-f731309\" data-id=\"f731309\" data-element_type=\"column\" data-e-type=\"column\">\n\t\t\t<div class=\"elementor-widget-wrap elementor-element-populated\">\n\t\t\t\t\t\t<div class=\"elementor-element elementor-element-adb8857 elementor-widget__width-initial elementor-widget elementor-widget-heading\" data-id=\"adb8857\" data-element_type=\"widget\" data-e-type=\"widget\" data-widget_type=\"heading.default\">\n\t\t\t\t<div class=\"elementor-widget-container\">\n\t\t\t\t\t<h3 class=\"elementor-heading-title elementor-size-small\">Dur\u00e9e :<\/h3>\t\t\t\t<\/div>\n\t\t\t\t<\/div>\n\t\t\t\t<div class=\"elementor-element elementor-element-03bab04 elementor-widget elementor-widget-text-editor\" data-id=\"03bab04\" data-element_type=\"widget\" data-e-type=\"widget\" data-widget_type=\"text-editor.default\">\n\t\t\t\t<div class=\"elementor-widget-container\">\n\t\t\t\t\t\t\t\t\t<p>2 \u00e0 6 Passages de 60min<\/p>\t\t\t\t\t\t\t\t<\/div>\n\t\t\t\t<\/div>\n\t\t\t\t\t<\/div>\n\t\t<\/div>\n\t\t\t\t\t<\/div>\n\t\t<\/section>\n\t\t\t\t<section class=\"elementor-section elementor-inner-section elementor-element elementor-element-99e7d79 elementor-section-boxed elementor-section-height-default elementor-section-height-default wpr-particle-no wpr-jarallax-no wpr-parallax-no wpr-sticky-section-no\" data-id=\"99e7d79\" data-element_type=\"section\" data-e-type=\"section\">\n\t\t\t\t\t\t<div class=\"elementor-container elementor-column-gap-default\">\n\t\t\t\t\t<div class=\"elementor-column elementor-col-50 elementor-inner-column elementor-element elementor-element-b5a633b\" data-id=\"b5a633b\" data-element_type=\"column\" data-e-type=\"column\">\n\t\t\t<div class=\"elementor-widget-wrap elementor-element-populated\">\n\t\t\t\t\t\t<div class=\"elementor-element elementor-element-a78d64d elementor-widget__width-initial elementor-widget elementor-widget-heading\" data-id=\"a78d64d\" data-element_type=\"widget\" data-e-type=\"widget\" data-widget_type=\"heading.default\">\n\t\t\t\t<div class=\"elementor-widget-container\">\n\t\t\t\t\t<h3 class=\"elementor-heading-title elementor-size-small\">Public :<\/h3>\t\t\t\t<\/div>\n\t\t\t\t<\/div>\n\t\t\t\t<div class=\"elementor-element elementor-element-58d2715 elementor-widget elementor-widget-text-editor\" data-id=\"58d2715\" data-element_type=\"widget\" data-e-type=\"widget\" data-widget_type=\"text-editor.default\">\n\t\t\t\t<div class=\"elementor-widget-container\">\n\t\t\t\t\t\t\t\t\t<p>&#8211; Soir\u00e9es de Gala et R\u00e9ceptions : Ajoutez une touche de sophistication et d&rsquo;excitation \u00e0 vos \u00e9v\u00e9nements \u00e9l\u00e9gants avec un spectacle de bartending flamboyant.<br \/>&#8211; F\u00eates Priv\u00e9es : Impressionnez vos invit\u00e9s avec une performance dynamique et interactive qui transforme chaque cocktail en un moment de divertissement.<br \/>&#8211; Lancements de Produits et Promotions : Cr\u00e9ez un impact m\u00e9morable et accrochez l&rsquo;attention de vos invit\u00e9s avec une d\u00e9monstration de bartending qui associe habilet\u00e9 et spectacle.<br \/>&#8211; \u00c9v\u00e9nements d&rsquo;Entreprise : Offrez \u00e0 vos collaborateurs et clients une exp\u00e9rience unique et divertissante qui renforce l&rsquo;image de votre entreprise.<\/p>\t\t\t\t\t\t\t\t<\/div>\n\t\t\t\t<\/div>\n\t\t\t\t\t<\/div>\n\t\t<\/div>\n\t\t\t\t<div class=\"elementor-column elementor-col-50 elementor-inner-column elementor-element elementor-element-46f89b9\" data-id=\"46f89b9\" data-element_type=\"column\" data-e-type=\"column\">\n\t\t\t<div class=\"elementor-widget-wrap\">\n\t\t\t\t\t\t\t<\/div>\n\t\t<\/div>\n\t\t\t\t\t<\/div>\n\t\t<\/section>\n\t\t\t\t<div class=\"elementor-element elementor-element-1f95289 elementor-widget elementor-widget-text-editor\" data-id=\"1f95289\" data-element_type=\"widget\" data-e-type=\"widget\" data-widget_type=\"text-editor.default\">\n\t\t\t\t<div class=\"elementor-widget-container\">\n\t\t\t\t\t\t\t\t\t<p dir=\"ltr\">Offrez \u00e0 vos invit\u00e9s une exp\u00e9rience inoubliable avec notre spectacle de bartending incluant des effets de feu spectaculaires.Cette prestation unique combine l&rsquo;art du flair bartending avec des d\u00e9monstrations impressionnantes de manipulation du feu, ajoutant une dimension spectaculaire et m\u00e9morable \u00e0 vos \u00e9v\u00e9nements.<\/p><p dir=\"ltr\" style=\"text-align: center;\"><strong>**Pr\u00e9sentation**<\/strong><\/p><p dir=\"ltr\">Notre \u00e9quipe de barmen professionnels ma\u00eetrise l&rsquo;art du flair, r\u00e9alisant des figures acrobatiques avec les bouteilles et les shakers, tout en int\u00e9grant des effets de feu fascinants. Utilisant des produits inflammables pour cr\u00e9er des flammes contr\u00f4l\u00e9es et spectaculaires, nos artistes transforment chaque cocktail en un spectacle visuel captivant.<\/p><p dir=\"ltr\" style=\"text-align: center;\"><strong>**Caract\u00e9ristiques du Spectacle**<\/strong><\/p><p dir=\"ltr\">&#8211; Art du Flair Bartending : Nos barmen ex\u00e9cutent des mouvements fluides et impressionnants, jonglant avec les bouteilles et les shakers, tout en pr\u00e9parant des cocktails savoureux. Leur performance est \u00e0 la fois artistique et technique, garantissant une pr\u00e9sentation \u00e9blouissante.<\/p><p dir=\"ltr\">&#8211; Effets de Feu : L&rsquo;utilisation de produits sp\u00e9cifiques permet de cr\u00e9er des effets de feu spectaculaires, comme des flammes qui dansent autour des bouteilles et des shakers. Ces effets ajoutent un \u00e9l\u00e9ment dramatique et excitant \u00e0 chaque pr\u00e9paration de cocktail.<\/p><p dir=\"ltr\">&#8211; S\u00e9curit\u00e9 Maximale : La s\u00e9curit\u00e9 est primordiale. Nos barmen utilisent des \u00e9quipements sp\u00e9cialis\u00e9s et suivent des protocoles stricts pour garantir que les effets de feu sont effectu\u00e9s de mani\u00e8re s\u00e9curis\u00e9e tout en offrant un spectacle captivant.<\/p><p dir=\"ltr\">Chaque prestation est soigneusement con\u00e7ue pour s&rsquo;harmoniser avec le th\u00e8me de votre \u00e9v\u00e9nement et offrir une performance qui fascine et divertit. Contactez-nous pour personnaliser votre spectacle de bartending avec effets de feu et faire de votre \u00e9v\u00e9nement un succ\u00e8s spectaculaire.<\/p>\t\t\t\t\t\t\t\t<\/div>\n\t\t\t\t<\/div>\n\t\t\t\t<div class=\"elementor-element elementor-element-d839a02 elementor-widget elementor-widget-text-editor\" data-id=\"d839a02\" data-element_type=\"widget\" data-e-type=\"widget\" data-widget_type=\"text-editor.default\">\n\t\t\t\t<div class=\"elementor-widget-container\">\n\t\t\t\t\t\t\t\t\t<p style=\"text-align: right;\"><u><b>R\u00e9server maintenant !<\/b><\/u><\/p>\t\t\t\t\t\t\t\t<\/div>\n\t\t\t\t<\/div>\n\t\t\t\t<div class=\"elementor-element elementor-element-92bbd04 elementor-align-right elementor-mobile-align-center elementor-widget elementor-widget-button\" data-id=\"92bbd04\" data-element_type=\"widget\" data-e-type=\"widget\" data-widget_type=\"button.default\">\n\t\t\t\t<div class=\"elementor-widget-container\">\n\t\t\t\t\t\t\t\t\t<div class=\"elementor-button-wrapper\">\n\t\t\t\t\t<a class=\"elementor-button elementor-button-link elementor-size-sm\" href=\"https:\/\/compagniepoly.fr\/index.php\/contact\/\">\n\t\t\t\t\t\t<span class=\"elementor-button-content-wrapper\">\n\t\t\t\t\t\t\t\t\t<span class=\"elementor-button-text\">Faire un devis<\/span>\n\t\t\t\t\t<\/span>\n\t\t\t\t\t<\/a>\n\t\t\t\t<\/div>\n\t\t\t\t\t\t\t\t<\/div>\n\t\t\t\t<\/div>\n\t\t\t\t\t<\/div>\n\t\t<\/div>\n\t\t\t\t\t<\/div>\n\t\t<\/section>\n\t\t\t\t<\/div>\n\t\t","protected":false},"excerpt":{"rendered":"<p>~ Bartending Nom de l&rsquo;animation : Bar \u00ab\u00a0AKUDA\u00a0\u00bb Dur\u00e9e :<\/p>\n","protected":false},"author":1,"featured_media":0,"parent":0,"menu_order":0,"comment_status":"closed","ping_status":"closed","template":"","meta":{"footnotes":""},"class_list":["post-1623","page","type-page","status-publish","hentry"],"_links":{"self":[{"href":"https:\/\/compagniepoly.fr\/index.php\/wp-json\/wp\/v2\/pages\/1623","targetHints":{"allow":["GET"]}}],"collection":[{"href":"https:\/\/compagniepoly.fr\/index.php\/wp-json\/wp\/v2\/pages"}],"about":[{"href":"https:\/\/compagniepoly.fr\/index.php\/wp-json\/wp\/v2\/types\/page"}],"author":[{"embeddable":true,"href":"https:\/\/compagniepoly.fr\/index.php\/wp-json\/wp\/v2\/users\/1"}],"replies":[{"embeddable":true,"href":"https:\/\/compagniepoly.fr\/index.php\/wp-json\/wp\/v2\/comments?post=1623"}],"version-history":[{"count":44,"href":"https:\/\/compagniepoly.fr\/index.php\/wp-json\/wp\/v2\/pages\/1623\/revisions"}],"predecessor-version":[{"id":2637,"href":"https:\/\/compagniepoly.fr\/index.php\/wp-json\/wp\/v2\/pages\/1623\/revisions\/2637"}],"wp:attachment":[{"href":"https:\/\/compagniepoly.fr\/index.php\/wp-json\/wp\/v2\/media?parent=1623"}],"curies":[{"name":"wp","href":"https:\/\/api.w.org\/{rel}","templated":true}]}}